{"id":5283,"date":"2022-05-24T18:38:39","date_gmt":"2022-05-24T16:38:39","guid":{"rendered":"https:\/\/x-kick.de\/the-story-behind-x-kick\/"},"modified":"2024-02-06T10:19:51","modified_gmt":"2024-02-06T09:19:51","slug":"the-story-behind-x-kick","status":"publish","type":"page","link":"https:\/\/x-kick.de\/tr\/the-story-behind-x-kick\/","title":{"rendered":"X-Kick&#8217;in arkas\u0131ndaki hikaye"},"content":{"rendered":"<p>[et_pb_section fb_built=&#8221;1&#8243; _builder_version=&#8221;4.17.4&#8243; _module_preset=&#8221;default&#8221; background_color=&#8221;#000000&#8243; background_enable_image=&#8221;off&#8221; da_disable_devices=&#8221;off|off|off&#8221; global_colors_info=&#8221;{}&#8221; da_is_popup=&#8221;off&#8221; da_exit_intent=&#8221;off&#8221; da_has_close=&#8221;on&#8221; da_alt_close=&#8221;off&#8221; da_dark_close=&#8221;off&#8221; da_not_modal=&#8221;on&#8221; da_is_singular=&#8221;off&#8221; da_with_loader=&#8221;off&#8221; da_has_shadow=&#8221;on&#8221;][et_pb_row _builder_version=&#8221;4.17.4&#8243; _module_preset=&#8221;default&#8221; custom_padding=&#8221;1vh||4vh||false|false&#8221; global_colors_info=&#8221;{}&#8221;][et_pb_column type=&#8221;4_4&#8243; _builder_version=&#8221;4.16&#8243; _module_preset=&#8221;default&#8221; global_colors_info=&#8221;{}&#8221;][et_pb_text _builder_version=&#8221;4.24.0&#8243; _module_preset=&#8221;default&#8221; header_font=&#8221;Coda Caption||||||||&#8221; header_text_align=&#8221;center&#8221; header_text_color=&#8221;#FFAA17&#8243; global_colors_info=&#8221;{}&#8221;]<\/p>\n<h1>X-Kick&#8217;in arkas\u0131ndaki hikaye<\/h1>\n<p>[\/et_pb_text][\/et_pb_column][\/et_pb_row][\/et_pb_section][et_pb_section fb_built=&#8221;1&#8243; _builder_version=&#8221;4.17.4&#8243; _module_preset=&#8221;default&#8221; background_enable_color=&#8221;off&#8221; use_background_color_gradient=&#8221;on&#8221; background_color_gradient_direction=&#8221;100deg&#8221; background_color_gradient_stops=&#8221;#ffaa17 0%|#ffaa17 40%|rgba(0,0,0,0.06) 40%|rgba(0,0,0,0) 100%&#8221; background_color_gradient_overlays_image=&#8221;on&#8221; background_image=&#8221;https:\/\/x-kick.de\/wp-content\/uploads\/2022\/05\/XKICK-Triathlon_Web.jpg&#8221; background_position=&#8221;top_right&#8221; background_last_edited=&#8221;on|phone&#8221; use_background_color_gradient_tablet=&#8221;on&#8221; background_color_gradient_direction_tablet=&#8221;180deg&#8221; background_color_gradient_stops_tablet=&#8221;#ffaa17 0%|#ffaa17 57%|rgba(0,0,0,0.06) 57%|rgba(0,0,0,0) 100%&#8221; background_size_tablet=&#8221;initial&#8221; background_position_tablet=&#8221;bottom_center&#8221; da_disable_devices=&#8221;off|off|off&#8221; global_colors_info=&#8221;{}&#8221; da_is_popup=&#8221;off&#8221; da_exit_intent=&#8221;off&#8221; da_has_close=&#8221;on&#8221; da_alt_close=&#8221;off&#8221; da_dark_close=&#8221;off&#8221; da_not_modal=&#8221;on&#8221; da_is_singular=&#8221;off&#8221; da_with_loader=&#8221;off&#8221; da_has_shadow=&#8221;on&#8221;][et_pb_row column_structure=&#8221;2_5,3_5&#8243; make_equal=&#8221;on&#8221; _builder_version=&#8221;4.17.4&#8243; _module_preset=&#8221;default&#8221; global_colors_info=&#8221;{}&#8221;][et_pb_column type=&#8221;2_5&#8243; _builder_version=&#8221;4.16&#8243; _module_preset=&#8221;default&#8221; global_colors_info=&#8221;{}&#8221;][et_pb_image src=&#8221;https:\/\/x-kick.de\/wp-content\/uploads\/2022\/05\/X-KICK_Flasche.png&#8221; title_text=&#8221;X-KICK_Flasche&#8221; _builder_version=&#8221;4.17.4&#8243; _module_preset=&#8221;default&#8221; transform_rotate=&#8221;0deg|0deg|342deg&#8221; width_tablet=&#8221;200px&#8221; width_phone=&#8221;200px&#8221; width_last_edited=&#8221;on|tablet&#8221; module_alignment=&#8221;center&#8221; global_colors_info=&#8221;{}&#8221;][\/et_pb_image][\/et_pb_column][et_pb_column type=&#8221;3_5&#8243; _builder_version=&#8221;4.16&#8243; _module_preset=&#8221;default&#8221; custom_css_main_element=&#8221;display: flex;||flex-direction: column;||justify-content: center;&#8221; global_colors_info=&#8221;{}&#8221;][et_pb_text ul_type=&#8221;square&#8221; ul_position=&#8221;inside&#8221; ul_item_indent=&#8221;20px&#8221; _builder_version=&#8221;4.24.0&#8243; _module_preset=&#8221;default&#8221; ul_font=&#8221;|800|||||||&#8221; ul_font_size=&#8221;18px&#8221; ul_line_height=&#8221;1.3em&#8221; header_font=&#8221;|800|||||||&#8221; header_text_color=&#8221;#000000&#8243; header_2_font=&#8221;|800|||||||&#8221; header_2_text_color=&#8221;#FFFFFF&#8221; header_2_font_size=&#8221;30px&#8221; header_3_font=&#8221;|800|||||||&#8221; header_3_font_size=&#8221;18px&#8221; header_3_line_height=&#8221;1.2em&#8221; background_color=&#8221;rgba(0,0,0,0.55)&#8221; background_layout=&#8221;dark&#8221; custom_margin_tablet=&#8221;7vh||||false|false&#8221; custom_margin_last_edited=&#8221;off|desktop&#8221; custom_padding=&#8221;30px|30px|30px|30px|true|true&#8221; hover_enabled=&#8221;0&#8243; header_2_font_size_tablet=&#8221;&#8221; header_2_font_size_phone=&#8221;25px&#8221; header_2_font_size_last_edited=&#8221;on|phone&#8221; global_colors_info=&#8221;{}&#8221; sticky_enabled=&#8221;0&#8243;]<\/p>\n<h2>Profesyoneller taraf\u0131ndan profesyoneller i\u00e7in yarat\u0131ld\u0131.<\/h2>\n<ul>\n<li>100% do\u011fal<\/li>\n<li>100% basit &amp; etkili<\/li>\n<\/ul>\n<p>X-Kick&#8217;in yarat\u0131lmas\u0131, fonksiyonel i\u00e7ecekler segmentinde yeni standartlar belirliyor. Her sporcu, oyuncu, asl\u0131nda herkes bu duyguyu bilir:<br \/>Oyunun, projenin, zafer m\u00fccadelesinin ya da biti\u015f \u00e7izgisine ula\u015fma \u00e7abas\u0131n\u0131n tam ortas\u0131ndas\u0131n\u0131zd\u0131r ve enerjinizin \u00e7o\u011funu \u00e7oktan t\u00fcketmi\u015fsinizdir. Zihinsel ve fiziksel olarak gerilmi\u015fsinizdir, hatta belki biraz bitkinsinizdir ama o zaferi, o ba\u015far\u0131y\u0131 ger\u00e7ekten istiyorsunuzdur. \u0130ster kendinizden daha zay\u0131f olana, ister rakibinize kar\u015f\u0131 sava\u015f\u0131yor olun, fark etmez.<\/p>\n<p>D\u0131\u015far\u0131dan gelen telkin ve motivasyon size ihtiyac\u0131n\u0131z olan deste\u011fi vermiyor. T\u00fcnelin i\u00e7indesiniz ve bunu kendiniz \u00e7\u00f6zmelisiniz. Evet, daha fazla odaklanman\u0131z ve rakibinizden daha g\u00fc\u00e7l\u00fc olman\u0131z gerekiyor.<\/p>\n<p>\u0130radeniz, hedefinize ula\u015fma vizyonunuz size g\u00fc\u00e7 verir, ancak bedeniniz ve zihniniz daha fazlas\u0131n\u0131 talep eder. Hedefinize ula\u015fmak i\u00e7in ihtiya\u00e7 duydu\u011funuz X-tra deste\u011fi vermek i\u00e7in kararl\u0131 bir turbo vuru\u015fa ihtiya\u00e7lar\u0131 vard\u0131r.<\/p>\n<h3>X-Kick sizi aya\u011fa kald\u0131ran ve ihtiyac\u0131n\u0131z olan yard\u0131m\u0131 sa\u011flayan fonksiyonel bir i\u00e7ecektir!<\/h3>\n<p>[\/et_pb_text][\/et_pb_column][\/et_pb_row][\/et_pb_section][et_pb_section fb_built=&#8221;1&#8243; _builder_version=&#8221;4.17.4&#8243; _module_preset=&#8221;default&#8221; background_color=&#8221;#000000&#8243; background_enable_image=&#8221;off&#8221; da_disable_devices=&#8221;off|off|off&#8221; global_colors_info=&#8221;{}&#8221; da_is_popup=&#8221;off&#8221; da_exit_intent=&#8221;off&#8221; da_has_close=&#8221;on&#8221; da_alt_close=&#8221;off&#8221; da_dark_close=&#8221;off&#8221; da_not_modal=&#8221;on&#8221; da_is_singular=&#8221;off&#8221; da_with_loader=&#8221;off&#8221; da_has_shadow=&#8221;on&#8221;][et_pb_row _builder_version=&#8221;4.17.4&#8243; _module_preset=&#8221;default&#8221; custom_padding=&#8221;4vh||4vh||true|false&#8221; global_colors_info=&#8221;{}&#8221;][et_pb_column type=&#8221;4_4&#8243; _builder_version=&#8221;4.16&#8243; _module_preset=&#8221;default&#8221; global_colors_info=&#8221;{}&#8221;][et_pb_text _builder_version=&#8221;4.24.0&#8243; _module_preset=&#8221;default&#8221; header_font=&#8221;Coda Caption||||||||&#8221; header_text_align=&#8221;center&#8221; header_text_color=&#8221;#FFFFFF&#8221; header_2_font=&#8221;Coda Caption||||||||&#8221; global_colors_info=&#8221;{}&#8221;]<\/p>\n<h2>X-Kick&#8217;in hikayesinin k\u00f6kleri profesyonel sporlara dayan\u0131yor.<\/h2>\n<p>[\/et_pb_text][\/et_pb_column][\/et_pb_row][\/et_pb_section][et_pb_section fb_built=&#8221;1&#8243; _builder_version=&#8221;4.17.4&#8243; _module_preset=&#8221;default&#8221; background_enable_color=&#8221;off&#8221; use_background_color_gradient=&#8221;on&#8221; background_color_gradient_direction=&#8221;-100deg&#8221; background_color_gradient_stops=&#8221;rgba(0,0,0,0) 0%|rgba(242,162,22,0) 60%|#ffaa17 60%|#ffaa17 100%&#8221; background_color_gradient_overlays_image=&#8221;on&#8221; background_image=&#8221;https:\/\/x-kick.de\/wp-content\/uploads\/2022\/05\/XKICK-Marathon_web-1.jpg&#8221; background_position=&#8221;bottom_center&#8221; background_last_edited=&#8221;on|phone&#8221; use_background_color_gradient_tablet=&#8221;on&#8221; background_color_gradient_direction_tablet=&#8221;180deg&#8221; background_color_gradient_stops_tablet=&#8221;#ffaa17 0%|#ffaa17 44%|rgba(0,0,0,0.06) 44%|rgba(0,0,0,0) 100%&#8221; background_size_tablet=&#8221;initial&#8221; background_size_phone=&#8221;cover&#8221; background_position_tablet=&#8221;bottom_center&#8221; background_position_phone=&#8221;center&#8221; da_disable_devices=&#8221;off|off|off&#8221; global_colors_info=&#8221;{}&#8221; da_is_popup=&#8221;off&#8221; da_exit_intent=&#8221;off&#8221; da_has_close=&#8221;on&#8221; da_alt_close=&#8221;off&#8221; da_dark_close=&#8221;off&#8221; da_not_modal=&#8221;on&#8221; da_is_singular=&#8221;off&#8221; da_with_loader=&#8221;off&#8221; da_has_shadow=&#8221;on&#8221;][et_pb_row column_structure=&#8221;2_5,3_5&#8243; make_equal=&#8221;on&#8221; _builder_version=&#8221;4.17.4&#8243; _module_preset=&#8221;default&#8221; global_colors_info=&#8221;{}&#8221;][et_pb_column type=&#8221;2_5&#8243; _builder_version=&#8221;4.16&#8243; _module_preset=&#8221;default&#8221; global_colors_info=&#8221;{}&#8221;][et_pb_image src=&#8221;https:\/\/x-kick.de\/wp-content\/uploads\/2022\/05\/X-KICK_Flasche.png&#8221; title_text=&#8221;X-KICK_Flasche&#8221; _builder_version=&#8221;4.17.4&#8243; _module_preset=&#8221;default&#8221; transform_rotate=&#8221;0deg|0deg|19deg&#8221; width_tablet=&#8221;200px&#8221; width_phone=&#8221;200px&#8221; width_last_edited=&#8221;on|tablet&#8221; module_alignment=&#8221;center&#8221; global_colors_info=&#8221;{}&#8221;][\/et_pb_image][\/et_pb_column][et_pb_column type=&#8221;3_5&#8243; _builder_version=&#8221;4.16&#8243; _module_preset=&#8221;default&#8221; custom_css_main_element=&#8221;display: flex;||flex-direction: column;||justify-content: center;&#8221; global_colors_info=&#8221;{}&#8221;][et_pb_text ul_type=&#8221;square&#8221; ul_item_indent=&#8221;19px&#8221; _builder_version=&#8221;4.24.0&#8243; _module_preset=&#8221;default&#8221; ul_font=&#8221;Coda Caption||||||||&#8221; ul_font_size=&#8221;18px&#8221; ul_line_height=&#8221;1.3em&#8221; header_font=&#8221;Coda Caption||||||||&#8221; header_text_color=&#8221;#000000&#8243; header_2_font=&#8221;Coda Caption||||||||&#8221; header_2_text_color=&#8221;#FFFFFF&#8221; header_2_font_size=&#8221;30px&#8221; header_3_font=&#8221;Coda Caption||||||||&#8221; header_3_font_size=&#8221;18px&#8221; header_3_line_height=&#8221;1.2em&#8221; background_color=&#8221;rgba(0,0,0,0.55)&#8221; background_layout=&#8221;dark&#8221; custom_margin_tablet=&#8221;7vh||||false|false&#8221; custom_margin_last_edited=&#8221;off|desktop&#8221; custom_padding=&#8221;30px|30px|30px|30px|true|true&#8221; header_2_font_size_tablet=&#8221;&#8221; header_2_font_size_phone=&#8221;25px&#8221; header_2_font_size_last_edited=&#8221;on|phone&#8221; global_colors_info=&#8221;{}&#8221;]<\/p>\n<p>Zorlu g\u00f6rev, zihin ve bedenin efor a\u015famalar\u0131n\u0131n \u00fcstesinden gelmesi ve canland\u0131rmas\u0131 i\u00e7in organik bazl\u0131, ancak kolayca bulunabilen bir performans art\u0131r\u0131c\u0131 \u00fcretmekten ibaretti.<\/p>\n<p>Bir\u00e7ok pop\u00fcler i\u00e7ecekte oldu\u011fu gibi yapay i\u00e7erikler ve sa\u011fl\u0131ks\u0131z \u015feker bombalar\u0131 istemedik! Bu, atletik bir performansa ula\u015fmaya yard\u0131mc\u0131 olmaz ve kendimizi iyi hissetmemizi sa\u011flamazd\u0131.<\/p>\n<p>Bu nedenle uzmanlar\u0131m\u0131z yakla\u015f\u0131k iki y\u0131l boyunca tarif \u00fczerinde \u00e7al\u0131\u015fm\u0131\u015f ve piyasadaki di\u011fer bir\u00e7ok i\u00e7ecekten daha sa\u011fl\u0131kl\u0131 olan son derece etkili \u00fcr\u00fcn haz\u0131r olana kadar y\u00fczlerce farkl\u0131 aktif bile\u015fen kombinasyonunu test etmi\u015ftir.<\/p>\n<p>Oyun veya m\u00fcsabaka gibi efor sarf edilen d\u00f6nemlerde X-Kick i\u00e7mek, sporculara neredeyse an\u0131nda yeni bir X-tra deste\u011fi almak i\u00e7in ihtiya\u00e7 duyduklar\u0131 bile\u015fenleri sa\u011flar.<\/p>\n<p>Sa\u011fl\u0131kl\u0131 beslenme \u00e7ok \u00f6nemlidir. T\u00fcm sporcular ve insanlar i\u00e7in performans\u0131n temelini olu\u015fturur. Bu nedenle, efor d\u00f6nemlerinde kaslar ve zihin i\u00e7in geni\u015fletilmi\u015f bir \u00e7al\u0131\u015fma tezgah\u0131 g\u00f6revi g\u00f6rebilecek fonksiyonel bir i\u00e7ecek i\u00e7in de ayn\u0131 \u015feyin ge\u00e7erli olmas\u0131 hayati \u00f6nem ta\u015f\u0131maktad\u0131r.<\/p>\n<p>X-Kick, vegan olmas\u0131, se\u00e7ilmi\u015f elma hasatlar\u0131ndan elde edilen elma suyu ve y\u00fcksek etkili do\u011fal kafein uyar\u0131c\u0131 kar\u0131\u015f\u0131m\u0131ndan olu\u015fmas\u0131 nedeniyle g\u00fcn\u00fcm\u00fcz beslenme \u00fcr\u00fcnleri i\u00e7in belirlenen y\u00fcksek standartlar\u0131 kar\u015f\u0131lamaktad\u0131r.<\/p>\n<p>X-Kick anabolik ve androjenik maddeler i\u00e7ermez ve \u00d6nleyici Doping Ara\u015ft\u0131rma Merkezi taraf\u0131ndan test edilmi\u015ftir ve s\u0131k\u0131 gerekliliklerini kar\u015f\u0131lamaktad\u0131r (Analitik Rapor AR202103155).<\/p>\n<p>Sat\u0131lan her X-Kick \u015fi\u015fesi ile a\u015fa\u011f\u0131daki hay\u0131r kurumlar\u0131n\u0131 desteklemeyi planl\u0131yoruz: Common Goal, Stiftung Deutsche Sporthilfe ve eSport-Bund Deutschland e.V.<\/p>\n<p>HEDEFLER\u0130N\u0130Z\u0130 EZ\u0130P GE\u00c7\u0130N! Sporda, i\u015fte ve bo\u015f zamanlar\u0131n\u0131zda daha fazla g\u00fc\u00e7, enerji ve zihinsel kuvvet! X fakt\u00f6rl\u00fc (wow factor) fonksiyonel i\u00e7ecek X-KICK i\u00e7in&#8230; 100 do\u011fal ve vegan<\/p>\n<p>[\/et_pb_text][\/et_pb_column][\/et_pb_row][\/et_pb_section]<\/p>\n","protected":false},"excerpt":{"rendered":"<p>X-Kick&#8217;in arkas\u0131ndaki hikayeProfesyoneller taraf\u0131ndan profesyoneller i\u00e7in yarat\u0131ld\u0131. 100% do\u011fal 100% basit &amp; etkili X-Kick&#8217;in yarat\u0131lmas\u0131, fonksiyonel i\u00e7ecekler segmentinde yeni standartlar belirliyor. Her sporcu, oyuncu, asl\u0131nda herkes bu duyguyu bilir:Oyunun, projenin, zafer m\u00fccadelesinin ya da biti\u015f \u00e7izgisine ula\u015fma \u00e7abas\u0131n\u0131n tam ortas\u0131ndas\u0131n\u0131zd\u0131r ve enerjinizin \u00e7o\u011funu \u00e7oktan t\u00fcketmi\u015fsinizdir. Zihinsel ve fiziksel olarak gerilmi\u015fsinizdir, hatta belki biraz bitkinsinizdir ama [&hellip;]<\/p>\n","protected":false},"author":1,"featured_media":0,"parent":0,"menu_order":0,"comment_status":"closed","ping_status":"closed","template":"","meta":{"_et_pb_use_builder":"on","_et_pb_old_content":"","_et_gb_content_width":"","footnotes":""},"class_list":["post-5283","page","type-page","status-publish","hentry"],"yoast_head":"<!-- This site is optimized with the Yoast SEO plugin v23.9 - https:\/\/yoast.com\/wordpress\/plugins\/seo\/ -->\n<title>X-Kick&#039;in arkas\u0131ndaki hikaye - X-Kick<\/title>\n<meta name=\"robots\" content=\"index, follow, max-snippet:-1, max-image-preview:large, max-video-preview:-1\" \/>\n<link rel=\"canonical\" href=\"https:\/\/x-kick.de\/tr\/the-story-behind-x-kick\/\" \/>\n<meta property=\"og:locale\" content=\"tr_TR\" \/>\n<meta property=\"og:type\" content=\"article\" \/>\n<meta property=\"og:title\" content=\"X-Kick&#039;in arkas\u0131ndaki hikaye - X-Kick\" \/>\n<meta property=\"og:description\" content=\"X-Kick&#039;in arkas\u0131ndaki hikayeProfesyoneller taraf\u0131ndan profesyoneller i\u00e7in yarat\u0131ld\u0131. 100% do\u011fal 100% basit &amp; etkili X-Kick&#039;in yarat\u0131lmas\u0131, fonksiyonel i\u00e7ecekler segmentinde yeni standartlar belirliyor. Her sporcu, oyuncu, asl\u0131nda herkes bu duyguyu bilir:Oyunun, projenin, zafer m\u00fccadelesinin ya da biti\u015f \u00e7izgisine ula\u015fma \u00e7abas\u0131n\u0131n tam ortas\u0131ndas\u0131n\u0131zd\u0131r ve enerjinizin \u00e7o\u011funu \u00e7oktan t\u00fcketmi\u015fsinizdir. Zihinsel ve fiziksel olarak gerilmi\u015fsinizdir, hatta belki biraz bitkinsinizdir ama [&hellip;]\" \/>\n<meta property=\"og:url\" content=\"https:\/\/x-kick.de\/tr\/the-story-behind-x-kick\/\" \/>\n<meta property=\"og:site_name\" content=\"X-Kick\" \/>\n<meta property=\"article:modified_time\" content=\"2024-02-06T09:19:51+00:00\" \/>\n<meta name=\"twitter:card\" content=\"summary_large_image\" \/>\n<meta name=\"twitter:label1\" content=\"Tahmini okuma s\u00fcresi\" \/>\n\t<meta name=\"twitter:data1\" content=\"3 dakika\" \/>\n<script type=\"application\/ld+json\" class=\"yoast-schema-graph\">{\"@context\":\"https:\/\/schema.org\",\"@graph\":[{\"@type\":\"WebPage\",\"@id\":\"https:\/\/x-kick.de\/tr\/the-story-behind-x-kick\/\",\"url\":\"https:\/\/x-kick.de\/tr\/the-story-behind-x-kick\/\",\"name\":\"X-Kick'in arkas\u0131ndaki hikaye - X-Kick\",\"isPartOf\":{\"@id\":\"https:\/\/x-kick.de\/tr\/#website\"},\"datePublished\":\"2022-05-24T16:38:39+00:00\",\"dateModified\":\"2024-02-06T09:19:51+00:00\",\"breadcrumb\":{\"@id\":\"https:\/\/x-kick.de\/tr\/the-story-behind-x-kick\/#breadcrumb\"},\"inLanguage\":\"tr\",\"potentialAction\":[{\"@type\":\"ReadAction\",\"target\":[\"https:\/\/x-kick.de\/tr\/the-story-behind-x-kick\/\"]}]},{\"@type\":\"BreadcrumbList\",\"@id\":\"https:\/\/x-kick.de\/tr\/the-story-behind-x-kick\/#breadcrumb\",\"itemListElement\":[{\"@type\":\"ListItem\",\"position\":1,\"name\":\"Startseite\",\"item\":\"https:\/\/x-kick.de\/tr\/\"},{\"@type\":\"ListItem\",\"position\":2,\"name\":\"X-Kick&#8217;in arkas\u0131ndaki hikaye\"}]},{\"@type\":\"WebSite\",\"@id\":\"https:\/\/x-kick.de\/tr\/#website\",\"url\":\"https:\/\/x-kick.de\/tr\/\",\"name\":\"X-Kick\",\"description\":\"Offizieller Onlineshop\",\"potentialAction\":[{\"@type\":\"SearchAction\",\"target\":{\"@type\":\"EntryPoint\",\"urlTemplate\":\"https:\/\/x-kick.de\/tr\/?s={search_term_string}\"},\"query-input\":{\"@type\":\"PropertyValueSpecification\",\"valueRequired\":true,\"valueName\":\"search_term_string\"}}],\"inLanguage\":\"tr\"}]}<\/script>\n<!-- \/ Yoast SEO plugin. -->","yoast_head_json":{"title":"X-Kick'in arkas\u0131ndaki hikaye - X-Kick","robots":{"index":"index","follow":"follow","max-snippet":"max-snippet:-1","max-image-preview":"max-image-preview:large","max-video-preview":"max-video-preview:-1"},"canonical":"https:\/\/x-kick.de\/tr\/the-story-behind-x-kick\/","og_locale":"tr_TR","og_type":"article","og_title":"X-Kick'in arkas\u0131ndaki hikaye - X-Kick","og_description":"X-Kick'in arkas\u0131ndaki hikayeProfesyoneller taraf\u0131ndan profesyoneller i\u00e7in yarat\u0131ld\u0131. 100% do\u011fal 100% basit &amp; etkili X-Kick'in yarat\u0131lmas\u0131, fonksiyonel i\u00e7ecekler segmentinde yeni standartlar belirliyor. Her sporcu, oyuncu, asl\u0131nda herkes bu duyguyu bilir:Oyunun, projenin, zafer m\u00fccadelesinin ya da biti\u015f \u00e7izgisine ula\u015fma \u00e7abas\u0131n\u0131n tam ortas\u0131ndas\u0131n\u0131zd\u0131r ve enerjinizin \u00e7o\u011funu \u00e7oktan t\u00fcketmi\u015fsinizdir. Zihinsel ve fiziksel olarak gerilmi\u015fsinizdir, hatta belki biraz bitkinsinizdir ama [&hellip;]","og_url":"https:\/\/x-kick.de\/tr\/the-story-behind-x-kick\/","og_site_name":"X-Kick","article_modified_time":"2024-02-06T09:19:51+00:00","twitter_card":"summary_large_image","twitter_misc":{"Tahmini okuma s\u00fcresi":"3 dakika"},"schema":{"@context":"https:\/\/schema.org","@graph":[{"@type":"WebPage","@id":"https:\/\/x-kick.de\/tr\/the-story-behind-x-kick\/","url":"https:\/\/x-kick.de\/tr\/the-story-behind-x-kick\/","name":"X-Kick'in arkas\u0131ndaki hikaye - X-Kick","isPartOf":{"@id":"https:\/\/x-kick.de\/tr\/#website"},"datePublished":"2022-05-24T16:38:39+00:00","dateModified":"2024-02-06T09:19:51+00:00","breadcrumb":{"@id":"https:\/\/x-kick.de\/tr\/the-story-behind-x-kick\/#breadcrumb"},"inLanguage":"tr","potentialAction":[{"@type":"ReadAction","target":["https:\/\/x-kick.de\/tr\/the-story-behind-x-kick\/"]}]},{"@type":"BreadcrumbList","@id":"https:\/\/x-kick.de\/tr\/the-story-behind-x-kick\/#breadcrumb","itemListElement":[{"@type":"ListItem","position":1,"name":"Startseite","item":"https:\/\/x-kick.de\/tr\/"},{"@type":"ListItem","position":2,"name":"X-Kick&#8217;in arkas\u0131ndaki hikaye"}]},{"@type":"WebSite","@id":"https:\/\/x-kick.de\/tr\/#website","url":"https:\/\/x-kick.de\/tr\/","name":"X-Kick","description":"Offizieller Onlineshop","potentialAction":[{"@type":"SearchAction","target":{"@type":"EntryPoint","urlTemplate":"https:\/\/x-kick.de\/tr\/?s={search_term_string}"},"query-input":{"@type":"PropertyValueSpecification","valueRequired":true,"valueName":"search_term_string"}}],"inLanguage":"tr"}]}},"_links":{"self":[{"href":"https:\/\/x-kick.de\/tr\/wp-json\/wp\/v2\/pages\/5283","targetHints":{"allow":["GET"]}}],"collection":[{"href":"https:\/\/x-kick.de\/tr\/wp-json\/wp\/v2\/pages"}],"about":[{"href":"https:\/\/x-kick.de\/tr\/wp-json\/wp\/v2\/types\/page"}],"author":[{"embeddable":true,"href":"https:\/\/x-kick.de\/tr\/wp-json\/wp\/v2\/users\/1"}],"replies":[{"embeddable":true,"href":"https:\/\/x-kick.de\/tr\/wp-json\/wp\/v2\/comments?post=5283"}],"version-history":[{"count":0,"href":"https:\/\/x-kick.de\/tr\/wp-json\/wp\/v2\/pages\/5283\/revisions"}],"wp:attachment":[{"href":"https:\/\/x-kick.de\/tr\/wp-json\/wp\/v2\/media?parent=5283"}],"curies":[{"name":"wp","href":"https:\/\/api.w.org\/{rel}","templated":true}]}}