{"id":5278,"date":"2022-04-29T18:00:56","date_gmt":"2022-04-29T16:00:56","guid":{"rendered":"https:\/\/x-kick.de\/gallery\/"},"modified":"2024-02-02T14:59:08","modified_gmt":"2024-02-02T13:59:08","slug":"galeri","status":"publish","type":"page","link":"https:\/\/x-kick.de\/tr\/galeri\/","title":{"rendered":"Galeri"},"content":{"rendered":"<p>[et_pb_section fb_built=&#8221;1&#8243; _builder_version=&#8221;4.16&#8243; background_color=&#8221;#FFAA17&#8243; da_disable_devices=&#8221;off|off|off&#8221; global_colors_info=&#8221;{}&#8221; da_is_popup=&#8221;off&#8221; da_exit_intent=&#8221;off&#8221; da_has_close=&#8221;on&#8221; da_alt_close=&#8221;off&#8221; da_dark_close=&#8221;off&#8221; da_not_modal=&#8221;on&#8221; da_is_singular=&#8221;off&#8221; da_with_loader=&#8221;off&#8221; da_has_shadow=&#8221;on&#8221;][et_pb_row _builder_version=&#8221;4.16&#8243; background_size=&#8221;initial&#8221; background_position=&#8221;top_left&#8221; background_repeat=&#8221;repeat&#8221; global_colors_info=&#8221;{}&#8221;][et_pb_column type=&#8221;4_4&#8243; _builder_version=&#8221;4.16&#8243; custom_padding=&#8221;|||&#8221; global_colors_info=&#8221;{}&#8221; custom_padding__hover=&#8221;|||&#8221;][et_pb_text _builder_version=&#8221;4.24.0&#8243; header_font=&#8221;Coda Caption||||||||&#8221; header_text_color=&#8221;#000000&#8243; background_size=&#8221;initial&#8221; background_position=&#8221;top_left&#8221; background_repeat=&#8221;repeat&#8221; hover_enabled=&#8221;0&#8243; global_colors_info=&#8221;{}&#8221; sticky_enabled=&#8221;0&#8243;]<\/p>\n<h1>Galeri<\/h1>\n<p>[\/et_pb_text][et_pb_gallery gallery_ids=&#8221;5037,4812,4955,4813,4814,4815,4891,4892,4893,4894&#8243; posts_number=&#8221;10&#8243; show_title_and_caption=&#8221;off&#8221; show_pagination=&#8221;off&#8221; zoom_icon_color=&#8221;#FFAA17&#8243; hover_overlay_color=&#8221;rgba(0,0,0,0.56)&#8221; hover_icon=&#8221;&#x4c;||divi||400&#8243; _builder_version=&#8221;4.17.4&#8243; _module_preset=&#8221;default&#8221; global_colors_info=&#8221;{}&#8221;][\/et_pb_gallery][\/et_pb_column][\/et_pb_row][\/et_pb_section]<\/p>\n","protected":false},"excerpt":{"rendered":"<p>Galeri<\/p>\n","protected":false},"author":1,"featured_media":0,"parent":0,"menu_order":0,"comment_status":"closed","ping_status":"closed","template":"","meta":{"_et_pb_use_builder":"on","_et_pb_old_content":"<p><strong>Haftungshinweis: Das nachstehende Muster ist von einem Rechtsanwalt (<a href=\"https:\/\/drschwenke.de\" rel=\"nofollow\">https:\/\/drschwenke.de<\/a>) entsprechend den typischen Anforderungen eines Onlineshops erstellt worden.\u00a0Jedoch sollten Sie das Muster nur\u00a0nach sorgf\u00e4ltiger Pr\u00fcfung und Anpassung auf Ihr konkretes Gesch\u00e4ftsmodell verwenden. Das nachfolgende Muster enth\u00e4lt daher zus\u00e4tzliche Hinweise, die Sie beachten m\u00fcssen und rote Passagen, die Sie besonders pr\u00fcfen und ggf. anpassen m\u00fcssen. Bitte entfernen Sie die Hinweise nach der Bearbeitung. Lassen Sie sich im Zweifel rechtlich beraten. Urheberrecht: Sie d\u00fcrfen das Muster solange innerhalb der Domain\/Website nutzen, solange f\u00fcr diese auch Ihre Marketpress-Lizenz gilt. Weitergabe an Dritte, auch an Kunden (z.B. als Entwickler) ist nicht erlaubt.<\/strong><\/p><p>DemoShop e.K.,<br \/>Inhaber: Max Muster Demostra\u00dfe 1<br \/>12345 Demostadt<\/p><p>Gesch\u00e4ftsf\u00fchrung: Max Muster<br \/>[Einzelunternehmer d\u00fcrfen sich nur als Inhaber, nicht als Gesch\u00e4ftsf\u00fchrer bezeichnen. Bei Gesellschaften, z.B. GbR\/OHG\/UG\/GmbH m\u00fcssen die Gesch\u00e4ftsf\u00fchrer, bzw. gesch\u00e4ftsf\u00fchrenden Gesellschafter genannt werden, z.B. bei einer GmbH \"Gesch\u00e4ftsf\u00fchrer: Max Mustermann\" oder bei einer GbR \"Gesellschafter: Max Mustermann, Peter M\u00fcller\"]<\/p><p>Telefonnummer: 0123456789<br \/>Faxnummer:\u00a00123456789 [Hinweis: Die Faxnummer ist optional]<br \/>E-Mailadresse:\u00a0name @ marketpress.com<\/p><p>Registergericht & Registernummer: Amtsgericht Demostadt: HR 12345<br \/>[Diese Angabe ist notwendig, falls Sie im Handels\/Gesellschaftsregister o.\u00e4. registriert sind]<\/p><p>Umsatzsteuer-Identifikationsnummer: DE 189 278 309<br \/>[Diese Angabe ist notwendig, falls Ihnen eine UStId-Nr zugeteilt worden ist.]<\/p><p>Inhaltlich verantwortlich: Max Muster, Adresse wie oben.<br \/>[Diese Angabe ist notwendig, falls Sie einen Blog zum Shop f\u00fchren.]<\/p><p>Plattform der Europ\u00e4ischen Kommission zur Online-Streitbeilegung (OS) f\u00fcr Verbraucher: https:\/\/ec.europa.eu\/consumers\/odr\/. Wir sind nicht bereit und nicht verpflichtet an einem Streitbeilegungsverfahren vor einer Verbraucherschlichtungsstelle teilzunehmen.<\/p><p>[Hinweis: Angaben zum Haftungsausschluss, wie der Linkhaftung, sind nicht notwendig]<\/p>","_et_gb_content_width":"","footnotes":""},"class_list":["post-5278","page","type-page","status-publish","hentry"],"yoast_head":"<!-- This site is optimized with the Yoast SEO plugin v23.9 - https:\/\/yoast.com\/wordpress\/plugins\/seo\/ -->\n<title>Galeri - X-Kick<\/title>\n<meta name=\"robots\" content=\"index, follow, max-snippet:-1, max-image-preview:large, max-video-preview:-1\" \/>\n<link rel=\"canonical\" href=\"https:\/\/x-kick.de\/tr\/galeri\/\" \/>\n<meta property=\"og:locale\" content=\"tr_TR\" \/>\n<meta property=\"og:type\" content=\"article\" \/>\n<meta property=\"og:title\" content=\"Galeri - X-Kick\" \/>\n<meta property=\"og:description\" content=\"Galeri\" \/>\n<meta property=\"og:url\" content=\"https:\/\/x-kick.de\/tr\/galeri\/\" \/>\n<meta property=\"og:site_name\" content=\"X-Kick\" \/>\n<meta property=\"article:modified_time\" content=\"2024-02-02T13:59:08+00:00\" \/>\n<meta name=\"twitter:card\" content=\"summary_large_image\" \/>\n<meta name=\"twitter:label1\" content=\"Tahmini okuma s\u00fcresi\" \/>\n\t<meta name=\"twitter:data1\" content=\"3 dakika\" \/>\n<script type=\"application\/ld+json\" class=\"yoast-schema-graph\">{\"@context\":\"https:\/\/schema.org\",\"@graph\":[{\"@type\":\"WebPage\",\"@id\":\"https:\/\/x-kick.de\/tr\/galeri\/\",\"url\":\"https:\/\/x-kick.de\/tr\/galeri\/\",\"name\":\"Galeri - X-Kick\",\"isPartOf\":{\"@id\":\"https:\/\/x-kick.de\/tr\/#website\"},\"datePublished\":\"2022-04-29T16:00:56+00:00\",\"dateModified\":\"2024-02-02T13:59:08+00:00\",\"breadcrumb\":{\"@id\":\"https:\/\/x-kick.de\/tr\/galeri\/#breadcrumb\"},\"inLanguage\":\"tr\",\"potentialAction\":[{\"@type\":\"ReadAction\",\"target\":[\"https:\/\/x-kick.de\/tr\/galeri\/\"]}]},{\"@type\":\"BreadcrumbList\",\"@id\":\"https:\/\/x-kick.de\/tr\/galeri\/#breadcrumb\",\"itemListElement\":[{\"@type\":\"ListItem\",\"position\":1,\"name\":\"Startseite\",\"item\":\"https:\/\/x-kick.de\/tr\/\"},{\"@type\":\"ListItem\",\"position\":2,\"name\":\"Galeri\"}]},{\"@type\":\"WebSite\",\"@id\":\"https:\/\/x-kick.de\/tr\/#website\",\"url\":\"https:\/\/x-kick.de\/tr\/\",\"name\":\"X-Kick\",\"description\":\"Offizieller Onlineshop\",\"potentialAction\":[{\"@type\":\"SearchAction\",\"target\":{\"@type\":\"EntryPoint\",\"urlTemplate\":\"https:\/\/x-kick.de\/tr\/?s={search_term_string}\"},\"query-input\":{\"@type\":\"PropertyValueSpecification\",\"valueRequired\":true,\"valueName\":\"search_term_string\"}}],\"inLanguage\":\"tr\"}]}<\/script>\n<!-- \/ Yoast SEO plugin. -->","yoast_head_json":{"title":"Galeri - X-Kick","robots":{"index":"index","follow":"follow","max-snippet":"max-snippet:-1","max-image-preview":"max-image-preview:large","max-video-preview":"max-video-preview:-1"},"canonical":"https:\/\/x-kick.de\/tr\/galeri\/","og_locale":"tr_TR","og_type":"article","og_title":"Galeri - X-Kick","og_description":"Galeri","og_url":"https:\/\/x-kick.de\/tr\/galeri\/","og_site_name":"X-Kick","article_modified_time":"2024-02-02T13:59:08+00:00","twitter_card":"summary_large_image","twitter_misc":{"Tahmini okuma s\u00fcresi":"3 dakika"},"schema":{"@context":"https:\/\/schema.org","@graph":[{"@type":"WebPage","@id":"https:\/\/x-kick.de\/tr\/galeri\/","url":"https:\/\/x-kick.de\/tr\/galeri\/","name":"Galeri - X-Kick","isPartOf":{"@id":"https:\/\/x-kick.de\/tr\/#website"},"datePublished":"2022-04-29T16:00:56+00:00","dateModified":"2024-02-02T13:59:08+00:00","breadcrumb":{"@id":"https:\/\/x-kick.de\/tr\/galeri\/#breadcrumb"},"inLanguage":"tr","potentialAction":[{"@type":"ReadAction","target":["https:\/\/x-kick.de\/tr\/galeri\/"]}]},{"@type":"BreadcrumbList","@id":"https:\/\/x-kick.de\/tr\/galeri\/#breadcrumb","itemListElement":[{"@type":"ListItem","position":1,"name":"Startseite","item":"https:\/\/x-kick.de\/tr\/"},{"@type":"ListItem","position":2,"name":"Galeri"}]},{"@type":"WebSite","@id":"https:\/\/x-kick.de\/tr\/#website","url":"https:\/\/x-kick.de\/tr\/","name":"X-Kick","description":"Offizieller Onlineshop","potentialAction":[{"@type":"SearchAction","target":{"@type":"EntryPoint","urlTemplate":"https:\/\/x-kick.de\/tr\/?s={search_term_string}"},"query-input":{"@type":"PropertyValueSpecification","valueRequired":true,"valueName":"search_term_string"}}],"inLanguage":"tr"}]}},"_links":{"self":[{"href":"https:\/\/x-kick.de\/tr\/wp-json\/wp\/v2\/pages\/5278","targetHints":{"allow":["GET"]}}],"collection":[{"href":"https:\/\/x-kick.de\/tr\/wp-json\/wp\/v2\/pages"}],"about":[{"href":"https:\/\/x-kick.de\/tr\/wp-json\/wp\/v2\/types\/page"}],"author":[{"embeddable":true,"href":"https:\/\/x-kick.de\/tr\/wp-json\/wp\/v2\/users\/1"}],"replies":[{"embeddable":true,"href":"https:\/\/x-kick.de\/tr\/wp-json\/wp\/v2\/comments?post=5278"}],"version-history":[{"count":0,"href":"https:\/\/x-kick.de\/tr\/wp-json\/wp\/v2\/pages\/5278\/revisions"}],"wp:attachment":[{"href":"https:\/\/x-kick.de\/tr\/wp-json\/wp\/v2\/media?parent=5278"}],"curies":[{"name":"wp","href":"https:\/\/api.w.org\/{rel}","templated":true}]}}