{"id":5271,"date":"2019-11-02T16:33:23","date_gmt":"2019-11-02T15:33:23","guid":{"rendered":"https:\/\/x-kick.de\/imprint\/"},"modified":"2024-12-01T13:26:05","modified_gmt":"2024-12-01T12:26:05","slug":"kuenye","status":"publish","type":"page","link":"https:\/\/x-kick.de\/tr\/kuenye\/","title":{"rendered":"K\u00fcnye"},"content":{"rendered":"<p>[et_pb_section fb_built=&#8221;1&#8243; _builder_version=&#8221;4.16&#8243; background_color=&#8221;#FFAA17&#8243; da_disable_devices=&#8221;off|off|off&#8221; global_colors_info=&#8221;{}&#8221; da_is_popup=&#8221;off&#8221; da_exit_intent=&#8221;off&#8221; da_has_close=&#8221;on&#8221; da_alt_close=&#8221;off&#8221; da_dark_close=&#8221;off&#8221; da_not_modal=&#8221;on&#8221; da_is_singular=&#8221;off&#8221; da_with_loader=&#8221;off&#8221; da_has_shadow=&#8221;on&#8221;][et_pb_row _builder_version=&#8221;4.16&#8243; background_size=&#8221;initial&#8221; background_position=&#8221;top_left&#8221; background_repeat=&#8221;repeat&#8221; global_colors_info=&#8221;{}&#8221;][et_pb_column type=&#8221;4_4&#8243; _builder_version=&#8221;4.16&#8243; custom_padding=&#8221;|||&#8221; global_colors_info=&#8221;{}&#8221; custom_padding__hover=&#8221;|||&#8221;][et_pb_text _builder_version=&#8221;4.24.0&#8243; background_size=&#8221;initial&#8221; background_position=&#8221;top_left&#8221; background_repeat=&#8221;repeat&#8221; global_colors_info=&#8221;{}&#8221;]<\/p>\n<h1>K\u00fcnye<\/h1>\n<p>[\/et_pb_text][et_pb_text _builder_version=&#8221;4.27.4&#8243; link_text_color=&#8221;#EF426F&#8221; background_size=&#8221;initial&#8221; background_position=&#8221;top_left&#8221; background_repeat=&#8221;repeat&#8221; hover_enabled=&#8221;0&#8243; global_colors_info=&#8221;{}&#8221; sticky_enabled=&#8221;0&#8243;]<\/p>\n<h2>Bilgilendirme, \u00a7 5 TMG&#8217;ye g\u00f6re:<\/h2>\n<p>OVIDOplus Healthfood GmbH<br \/>Am Knipprather Busch 11<br \/>40789 Monheim<\/p>\n<p><strong>Telefon:<\/strong> 0211-36792056<br \/><strong>E-Posta:<\/strong> shop@x-kick.de<\/p>\n<p><strong>Kay\u0131t mahkemesi:<\/strong> D\u00fcsseldorf yerel mahkemesi<br \/><strong>HRB No.<\/strong> 75280<br \/><strong>Vergi Kimlik No.:<\/strong> DE300811872<\/p>\n<p><strong>Genel m\u00fcd\u00fcr:<\/strong>\u00a0Markus Kurz<\/p>\n<p><strong>Ambalaj kay\u0131t numaras\u0131:<\/strong><br \/>DE5646077893353-V<\/p>\n<h2>AB Anla\u015fmazl\u0131k \u00c7\u00f6z\u00fcm\u00fc<\/h2>\n<p>Avrupa Komisyonu, t\u00fcketiciler i\u00e7in mahkeme d\u0131\u015f\u0131 \u00e7evrimi\u00e7i anla\u015fmazl\u0131k \u00e7\u00f6z\u00fcm\u00fc (ODR platformu) i\u00e7in bir platform sa\u011flar. Bu, a\u015fa\u011f\u0131daki ba\u011flant\u0131dan eri\u015filebilir: <a href=\"https:\/\/ec.europa.eu\/consumers\/odr\">ec.europa.eu\/consumers\/odr<\/a><\/p>\n<h3>T\u00fcketici anla\u015fmazl\u0131k \u00e7\u00f6z\u00fcm\u00fc\/universal tahkim kurulu<\/h3>\n<p>\u00a7 36 VSBG&#8217;ye g\u00f6re bildirim: Ovidoplus Healthfood GmbH, yasal olarak zorunlu olmad\u0131\u011f\u0131 gibi t\u00fcketici anla\u015fmazl\u0131k \u00e7\u00f6z\u00fcm organ\u0131 \u00f6n\u00fcnde anla\u015fmazl\u0131k \u00e7\u00f6z\u00fcm prosed\u00fcr\u00fcne kat\u0131lmaya da istekli de\u011fildir.<\/p>\n<h3>Sorumluluk Reddi<\/h3>\n<p><strong>\u0130\u00e7erik sorumlulu\u011fu<br \/><\/strong>Sayfalar\u0131m\u0131z\u0131n i\u00e7eri\u011fi en \u00fcst d\u00fczeyde \u00f6zenle olu\u015fturulmu\u015ftur. Ancak, i\u00e7eri\u011fin do\u011frulu\u011funu, eksiksizli\u011fini ve g\u00fcncelli\u011fini garanti edemeyiz.<br \/>Bir hizmet sa\u011flay\u0131c\u0131 olarak, genel yasalara g\u00f6re bu sayfalardaki kendi i\u00e7eri\u011fimizden sorumluyuz (\u00a7 7 paragraf 1 TMG). Ancak, \u00a7 8 ila 10 TMG&#8217;ye g\u00f6re, iletilen veya depolanan \u00fc\u00e7\u00fcnc\u00fc taraf bilgilerini izleme veya yasad\u0131\u015f\u0131 faaliyeti g\u00f6steren durumlar\u0131 ara\u015ft\u0131rma zorunlulu\u011fumuz yoktur. Genel yasalar uyar\u0131nca bilgilerin kullan\u0131m\u0131n\u0131 kald\u0131rma veya engelleme y\u00fck\u00fcml\u00fcl\u00fckleri etkilenmez. Ancak, bu konudaki sorumluluk, yasan\u0131n ihlalinin bilindi\u011fi tarihten itibaren m\u00fcmk\u00fcnd\u00fcr. Bu t\u00fcr ihlallerden haberdar olursak ilgili i\u00e7eri\u011fi derhal kald\u0131raca\u011f\u0131z.<\/p>\n<p><strong>Liability for links<\/strong><br \/>Teklifimiz, i\u00e7eri\u011fi \u00fczerinde herhangi bir etkimizin olmad\u0131\u011f\u0131 \u00fc\u00e7\u00fcnc\u00fc taraf web sitelerine ba\u011flant\u0131lar i\u00e7erir. Bu nedenle, bu d\u0131\u015f i\u00e7erikler i\u00e7in herhangi bir sorumluluk \u00fcstlenemeyiz. \u0130lgili sa\u011flay\u0131c\u0131 veya sayfalar\u0131n i\u015fleteni her zaman ba\u011flant\u0131l\u0131 sayfalar\u0131n i\u00e7eri\u011finden sorumludur. Ba\u011flant\u0131 kuruldu\u011fu s\u0131rada ba\u011flant\u0131l\u0131 sayfalar\u0131n yasal ihlaller a\u00e7\u0131s\u0131ndan kontrol edildi. Ancak, ba\u011flant\u0131 kuruldu\u011fu s\u0131rada yasad\u0131\u015f\u0131 i\u00e7erik belirtilmemi\u015ftir. Ancak, yasal bir ihlalin somut kan\u0131tlar\u0131 olmadan ba\u011flant\u0131l\u0131 sayfalar\u0131n i\u00e7eri\u011fini s\u00fcrekli kontrol etmek mant\u0131kl\u0131 de\u011fildir. Herhangi bir ihlal fark edildi\u011finde, bu t\u00fcr ba\u011flant\u0131lar\u0131 derhal kald\u0131raca\u011f\u0131z.<\/p>\n<p><strong>Telif hakk\u0131<\/strong><br \/>Sayfa i\u015fletmecileri taraf\u0131ndan olu\u015fturulan i\u00e7erik ve \u00e7al\u0131\u015fmalar Alman telif hukukuna tabidir. Bu t\u00fcr malzemenin telif hakk\u0131 kanununun kapsam\u0131n\u0131 a\u015fan \u015fekilde \u00e7o\u011falt\u0131lmas\u0131, i\u015flenmesi, da\u011f\u0131t\u0131lmas\u0131 veya herhangi bir ticari ama\u00e7la kullan\u0131lmas\u0131, ilgili yazar\u0131n veya yarat\u0131c\u0131n\u0131n \u00f6nceden yaz\u0131l\u0131 onay\u0131n\u0131 gerektirir. Bu sitenin indirilmesi ve kopyalanmas\u0131 sadece \u00f6zel, ticari olmayan kullan\u0131m i\u00e7in izin verilir. Bu sitenin i\u00e7eri\u011fi i\u015fletici taraf\u0131ndan olu\u015fturulmad\u0131ysa, \u00fc\u00e7\u00fcnc\u00fc taraflar\u0131n telif haklar\u0131na sayg\u0131 g\u00f6sterilir. \u00d6zellikle, \u00fc\u00e7\u00fcnc\u00fc taraf i\u00e7eri\u011fi olarak belirtilir. Yine de bir telif hakk\u0131 ihlali fark ederseniz, l\u00fctfen bize bildirin. Bu t\u00fcr ihlallerden haberdar oldu\u011fumuzda ilgili i\u00e7eri\u011fi derhal kald\u0131raca\u011f\u0131z.<\/p>\n<p>[\/et_pb_text][\/et_pb_column][\/et_pb_row][\/et_pb_section]<\/p>\n","protected":false},"excerpt":{"rendered":"<p>K\u00fcnyeBilgilendirme, \u00a7 5 TMG&#8217;ye g\u00f6re: OVIDOplus Healthfood GmbHAm Knipprather Busch 1140789 Monheim Telefon: 0211-36792056E-Posta: shop@x-kick.de Kay\u0131t mahkemesi: D\u00fcsseldorf yerel mahkemesiHRB No. 75280Vergi Kimlik No.: DE300811872 Genel m\u00fcd\u00fcr:\u00a0Markus Kurz Ambalaj kay\u0131t numaras\u0131:DE5646077893353-V AB Anla\u015fmazl\u0131k \u00c7\u00f6z\u00fcm\u00fc Avrupa Komisyonu, t\u00fcketiciler i\u00e7in mahkeme d\u0131\u015f\u0131 \u00e7evrimi\u00e7i anla\u015fmazl\u0131k \u00e7\u00f6z\u00fcm\u00fc (ODR platformu) i\u00e7in bir platform sa\u011flar. Bu, a\u015fa\u011f\u0131daki ba\u011flant\u0131dan eri\u015filebilir: ec.europa.eu\/consumers\/odr T\u00fcketici [&hellip;]<\/p>\n","protected":false},"author":1,"featured_media":0,"parent":0,"menu_order":0,"comment_status":"closed","ping_status":"closed","template":"","meta":{"_et_pb_use_builder":"on","_et_pb_old_content":"<p><strong>Haftungshinweis: Das nachstehende Muster ist von einem Rechtsanwalt (<a href=\"https:\/\/drschwenke.de\" rel=\"nofollow\">https:\/\/drschwenke.de<\/a>) entsprechend den typischen Anforderungen eines Onlineshops erstellt worden.\u00a0Jedoch sollten Sie das Muster nur\u00a0nach sorgf\u00e4ltiger Pr\u00fcfung und Anpassung auf Ihr konkretes Gesch\u00e4ftsmodell verwenden. Das nachfolgende Muster enth\u00e4lt daher zus\u00e4tzliche Hinweise, die Sie beachten m\u00fcssen und rote Passagen, die Sie besonders pr\u00fcfen und ggf. anpassen m\u00fcssen. Bitte entfernen Sie die Hinweise nach der Bearbeitung. Lassen Sie sich im Zweifel rechtlich beraten. Urheberrecht: Sie d\u00fcrfen das Muster solange innerhalb der Domain\/Website nutzen, solange f\u00fcr diese auch Ihre Marketpress-Lizenz gilt. Weitergabe an Dritte, auch an Kunden (z.B. als Entwickler) ist nicht erlaubt.<\/strong><\/p><p>DemoShop e.K.,<br \/>Inhaber: Max Muster Demostra\u00dfe 1<br \/>12345 Demostadt<\/p><p>Gesch\u00e4ftsf\u00fchrung: Max Muster<br \/>[Einzelunternehmer d\u00fcrfen sich nur als Inhaber, nicht als Gesch\u00e4ftsf\u00fchrer bezeichnen. Bei Gesellschaften, z.B. GbR\/OHG\/UG\/GmbH m\u00fcssen die Gesch\u00e4ftsf\u00fchrer, bzw. gesch\u00e4ftsf\u00fchrenden Gesellschafter genannt werden, z.B. bei einer GmbH \"Gesch\u00e4ftsf\u00fchrer: Max Mustermann\" oder bei einer GbR \"Gesellschafter: Max Mustermann, Peter M\u00fcller\"]<\/p><p>Telefonnummer: 0123456789<br \/>Faxnummer:\u00a00123456789 [Hinweis: Die Faxnummer ist optional]<br \/>E-Mailadresse:\u00a0name @ marketpress.com<\/p><p>Registergericht & Registernummer: Amtsgericht Demostadt: HR 12345<br \/>[Diese Angabe ist notwendig, falls Sie im Handels\/Gesellschaftsregister o.\u00e4. registriert sind]<\/p><p>Umsatzsteuer-Identifikationsnummer: DE 189 278 309<br \/>[Diese Angabe ist notwendig, falls Ihnen eine UStId-Nr zugeteilt worden ist.]<\/p><p>Inhaltlich verantwortlich: Max Muster, Adresse wie oben.<br \/>[Diese Angabe ist notwendig, falls Sie einen Blog zum Shop f\u00fchren.]<\/p><p>Plattform der Europ\u00e4ischen Kommission zur Online-Streitbeilegung (OS) f\u00fcr Verbraucher: https:\/\/ec.europa.eu\/consumers\/odr\/. Wir sind nicht bereit und nicht verpflichtet an einem Streitbeilegungsverfahren vor einer Verbraucherschlichtungsstelle teilzunehmen.<\/p><p>[Hinweis: Angaben zum Haftungsausschluss, wie der Linkhaftung, sind nicht notwendig]<\/p>","_et_gb_content_width":"","footnotes":""},"class_list":["post-5271","page","type-page","status-publish","hentry"],"yoast_head":"<!-- This site is optimized with the Yoast SEO plugin v23.9 - https:\/\/yoast.com\/wordpress\/plugins\/seo\/ -->\n<title>K\u00fcnye - X-Kick<\/title>\n<meta name=\"robots\" content=\"index, follow, max-snippet:-1, max-image-preview:large, max-video-preview:-1\" \/>\n<link rel=\"canonical\" href=\"https:\/\/x-kick.de\/tr\/kuenye\/\" \/>\n<meta property=\"og:locale\" content=\"tr_TR\" \/>\n<meta property=\"og:type\" content=\"article\" \/>\n<meta property=\"og:title\" content=\"K\u00fcnye - X-Kick\" \/>\n<meta property=\"og:description\" content=\"K\u00fcnyeBilgilendirme, \u00a7 5 TMG&#039;ye g\u00f6re: OVIDOplus Healthfood GmbHAm Knipprather Busch 1140789 Monheim Telefon: 0211-36792056E-Posta: shop@x-kick.de Kay\u0131t mahkemesi: D\u00fcsseldorf yerel mahkemesiHRB No. 75280Vergi Kimlik No.: DE300811872 Genel m\u00fcd\u00fcr:\u00a0Markus Kurz Ambalaj kay\u0131t numaras\u0131:DE5646077893353-V AB Anla\u015fmazl\u0131k \u00c7\u00f6z\u00fcm\u00fc Avrupa Komisyonu, t\u00fcketiciler i\u00e7in mahkeme d\u0131\u015f\u0131 \u00e7evrimi\u00e7i anla\u015fmazl\u0131k \u00e7\u00f6z\u00fcm\u00fc (ODR platformu) i\u00e7in bir platform sa\u011flar. Bu, a\u015fa\u011f\u0131daki ba\u011flant\u0131dan eri\u015filebilir: ec.europa.eu\/consumers\/odr T\u00fcketici [&hellip;]\" \/>\n<meta property=\"og:url\" content=\"https:\/\/x-kick.de\/tr\/kuenye\/\" \/>\n<meta property=\"og:site_name\" content=\"X-Kick\" \/>\n<meta property=\"article:modified_time\" content=\"2024-12-01T12:26:05+00:00\" \/>\n<meta name=\"twitter:card\" content=\"summary_large_image\" \/>\n<meta name=\"twitter:label1\" content=\"Tahmini okuma s\u00fcresi\" \/>\n\t<meta name=\"twitter:data1\" content=\"2 dakika\" \/>\n<script type=\"application\/ld+json\" class=\"yoast-schema-graph\">{\"@context\":\"https:\/\/schema.org\",\"@graph\":[{\"@type\":\"WebPage\",\"@id\":\"https:\/\/x-kick.de\/tr\/kuenye\/\",\"url\":\"https:\/\/x-kick.de\/tr\/kuenye\/\",\"name\":\"K\u00fcnye - X-Kick\",\"isPartOf\":{\"@id\":\"https:\/\/x-kick.de\/tr\/#website\"},\"datePublished\":\"2019-11-02T15:33:23+00:00\",\"dateModified\":\"2024-12-01T12:26:05+00:00\",\"breadcrumb\":{\"@id\":\"https:\/\/x-kick.de\/tr\/kuenye\/#breadcrumb\"},\"inLanguage\":\"tr\",\"potentialAction\":[{\"@type\":\"ReadAction\",\"target\":[\"https:\/\/x-kick.de\/tr\/kuenye\/\"]}]},{\"@type\":\"BreadcrumbList\",\"@id\":\"https:\/\/x-kick.de\/tr\/kuenye\/#breadcrumb\",\"itemListElement\":[{\"@type\":\"ListItem\",\"position\":1,\"name\":\"Startseite\",\"item\":\"https:\/\/x-kick.de\/tr\/\"},{\"@type\":\"ListItem\",\"position\":2,\"name\":\"K\u00fcnye\"}]},{\"@type\":\"WebSite\",\"@id\":\"https:\/\/x-kick.de\/tr\/#website\",\"url\":\"https:\/\/x-kick.de\/tr\/\",\"name\":\"X-Kick\",\"description\":\"Offizieller Onlineshop\",\"potentialAction\":[{\"@type\":\"SearchAction\",\"target\":{\"@type\":\"EntryPoint\",\"urlTemplate\":\"https:\/\/x-kick.de\/tr\/?s={search_term_string}\"},\"query-input\":{\"@type\":\"PropertyValueSpecification\",\"valueRequired\":true,\"valueName\":\"search_term_string\"}}],\"inLanguage\":\"tr\"}]}<\/script>\n<!-- \/ Yoast SEO plugin. -->","yoast_head_json":{"title":"K\u00fcnye - X-Kick","robots":{"index":"index","follow":"follow","max-snippet":"max-snippet:-1","max-image-preview":"max-image-preview:large","max-video-preview":"max-video-preview:-1"},"canonical":"https:\/\/x-kick.de\/tr\/kuenye\/","og_locale":"tr_TR","og_type":"article","og_title":"K\u00fcnye - X-Kick","og_description":"K\u00fcnyeBilgilendirme, \u00a7 5 TMG'ye g\u00f6re: OVIDOplus Healthfood GmbHAm Knipprather Busch 1140789 Monheim Telefon: 0211-36792056E-Posta: shop@x-kick.de Kay\u0131t mahkemesi: D\u00fcsseldorf yerel mahkemesiHRB No. 75280Vergi Kimlik No.: DE300811872 Genel m\u00fcd\u00fcr:\u00a0Markus Kurz Ambalaj kay\u0131t numaras\u0131:DE5646077893353-V AB Anla\u015fmazl\u0131k \u00c7\u00f6z\u00fcm\u00fc Avrupa Komisyonu, t\u00fcketiciler i\u00e7in mahkeme d\u0131\u015f\u0131 \u00e7evrimi\u00e7i anla\u015fmazl\u0131k \u00e7\u00f6z\u00fcm\u00fc (ODR platformu) i\u00e7in bir platform sa\u011flar. Bu, a\u015fa\u011f\u0131daki ba\u011flant\u0131dan eri\u015filebilir: ec.europa.eu\/consumers\/odr T\u00fcketici [&hellip;]","og_url":"https:\/\/x-kick.de\/tr\/kuenye\/","og_site_name":"X-Kick","article_modified_time":"2024-12-01T12:26:05+00:00","twitter_card":"summary_large_image","twitter_misc":{"Tahmini okuma s\u00fcresi":"2 dakika"},"schema":{"@context":"https:\/\/schema.org","@graph":[{"@type":"WebPage","@id":"https:\/\/x-kick.de\/tr\/kuenye\/","url":"https:\/\/x-kick.de\/tr\/kuenye\/","name":"K\u00fcnye - X-Kick","isPartOf":{"@id":"https:\/\/x-kick.de\/tr\/#website"},"datePublished":"2019-11-02T15:33:23+00:00","dateModified":"2024-12-01T12:26:05+00:00","breadcrumb":{"@id":"https:\/\/x-kick.de\/tr\/kuenye\/#breadcrumb"},"inLanguage":"tr","potentialAction":[{"@type":"ReadAction","target":["https:\/\/x-kick.de\/tr\/kuenye\/"]}]},{"@type":"BreadcrumbList","@id":"https:\/\/x-kick.de\/tr\/kuenye\/#breadcrumb","itemListElement":[{"@type":"ListItem","position":1,"name":"Startseite","item":"https:\/\/x-kick.de\/tr\/"},{"@type":"ListItem","position":2,"name":"K\u00fcnye"}]},{"@type":"WebSite","@id":"https:\/\/x-kick.de\/tr\/#website","url":"https:\/\/x-kick.de\/tr\/","name":"X-Kick","description":"Offizieller Onlineshop","potentialAction":[{"@type":"SearchAction","target":{"@type":"EntryPoint","urlTemplate":"https:\/\/x-kick.de\/tr\/?s={search_term_string}"},"query-input":{"@type":"PropertyValueSpecification","valueRequired":true,"valueName":"search_term_string"}}],"inLanguage":"tr"}]}},"_links":{"self":[{"href":"https:\/\/x-kick.de\/tr\/wp-json\/wp\/v2\/pages\/5271","targetHints":{"allow":["GET"]}}],"collection":[{"href":"https:\/\/x-kick.de\/tr\/wp-json\/wp\/v2\/pages"}],"about":[{"href":"https:\/\/x-kick.de\/tr\/wp-json\/wp\/v2\/types\/page"}],"author":[{"embeddable":true,"href":"https:\/\/x-kick.de\/tr\/wp-json\/wp\/v2\/users\/1"}],"replies":[{"embeddable":true,"href":"https:\/\/x-kick.de\/tr\/wp-json\/wp\/v2\/comments?post=5271"}],"version-history":[{"count":0,"href":"https:\/\/x-kick.de\/tr\/wp-json\/wp\/v2\/pages\/5271\/revisions"}],"wp:attachment":[{"href":"https:\/\/x-kick.de\/tr\/wp-json\/wp\/v2\/media?parent=5271"}],"curies":[{"name":"wp","href":"https:\/\/api.w.org\/{rel}","templated":true}]}}