{"id":5265,"date":"2021-10-27T14:54:29","date_gmt":"2021-10-27T12:54:29","guid":{"rendered":"https:\/\/x-kick.de\/social-sponsoring\/"},"modified":"2024-02-06T12:46:35","modified_gmt":"2024-02-06T11:46:35","slug":"social-sponsoring","status":"publish","type":"page","link":"https:\/\/x-kick.de\/tr\/social-sponsoring\/","title":{"rendered":"Social Sponsoring"},"content":{"rendered":"<p>[et_pb_section fb_built=&#8221;1&#8243; _builder_version=&#8221;4.17.3&#8243; _module_preset=&#8221;default&#8221; background_color=&#8221;#FFAA17&#8243; background_image=&#8221;https:\/\/x-kick.de\/wp-content\/uploads\/2022\/05\/PlayProud-header.jpg&#8221; da_disable_devices=&#8221;off|off|off&#8221; global_colors_info=&#8221;{}&#8221; da_is_popup=&#8221;off&#8221; da_exit_intent=&#8221;off&#8221; da_has_close=&#8221;on&#8221; da_alt_close=&#8221;off&#8221; da_dark_close=&#8221;off&#8221; da_not_modal=&#8221;on&#8221; da_is_singular=&#8221;off&#8221; da_with_loader=&#8221;off&#8221; da_has_shadow=&#8221;on&#8221;][et_pb_row _builder_version=&#8221;4.17.3&#8243; _module_preset=&#8221;default&#8221; custom_padding=&#8221;22vh||22vh||true|false&#8221; global_colors_info=&#8221;{}&#8221;][et_pb_column type=&#8221;4_4&#8243; _builder_version=&#8221;4.16&#8243; _module_preset=&#8221;default&#8221; global_colors_info=&#8221;{}&#8221;][et_pb_text _builder_version=&#8221;4.24.0&#8243; _module_preset=&#8221;default&#8221; header_font=&#8221;Coda Caption||||||||&#8221; header_text_align=&#8221;center&#8221; header_text_color=&#8221;#FFFFFF&#8221; global_colors_info=&#8221;{}&#8221;]<\/p>\n<h1>Sosyal Sponsorluk<\/h1>\n<p>[\/et_pb_text][\/et_pb_column][\/et_pb_row][\/et_pb_section][et_pb_section fb_built=&#8221;1&#8243; _builder_version=&#8221;4.16&#8243; _module_preset=&#8221;default&#8221; background_color=&#8221;#FFAA17&#8243; da_disable_devices=&#8221;off|off|off&#8221; global_colors_info=&#8221;{}&#8221; da_is_popup=&#8221;off&#8221; da_exit_intent=&#8221;off&#8221; da_has_close=&#8221;on&#8221; da_alt_close=&#8221;off&#8221; da_dark_close=&#8221;off&#8221; da_not_modal=&#8221;on&#8221; da_is_singular=&#8221;off&#8221; da_with_loader=&#8221;off&#8221; da_has_shadow=&#8221;on&#8221;][et_pb_row column_structure=&#8221;1_3,1_3,1_3&#8243; make_equal=&#8221;on&#8221; _builder_version=&#8221;4.16&#8243; _module_preset=&#8221;default&#8221; global_colors_info=&#8221;{}&#8221;][et_pb_column type=&#8221;1_3&#8243; _builder_version=&#8221;4.16&#8243; _module_preset=&#8221;default&#8221; global_colors_info=&#8221;{}&#8221;][et_pb_image src=&#8221;https:\/\/x-kick.de\/wp-content\/uploads\/2022\/02\/X-KICK_Flasche-1.png&#8221; title_text=&#8221;X-KICK_Flasche&#8221; _builder_version=&#8221;4.17.3&#8243; _module_preset=&#8221;default&#8221; global_colors_info=&#8221;{}&#8221;][\/et_pb_image][\/et_pb_column][et_pb_column type=&#8221;1_3&#8243; _builder_version=&#8221;4.16&#8243; _module_preset=&#8221;default&#8221; custom_css_main_element=&#8221;display: flex;||flex-direction: column;||justify-content: center;&#8221; global_colors_info=&#8221;{}&#8221;][et_pb_image src=&#8221;https:\/\/x-kick.de\/wp-content\/uploads\/2021\/10\/arrow_b.svg&#8221; title_text=&#8221;arrow_b&#8221; _builder_version=&#8221;4.16&#8243; _module_preset=&#8221;default&#8221; transform_scale_tablet=&#8221;&#8221; transform_scale_phone=&#8221;&#8221; transform_scale_last_edited=&#8221;on|tablet&#8221; transform_translate_tablet=&#8221;&#8221; transform_translate_phone=&#8221;&#8221; transform_translate_last_edited=&#8221;on|desktop&#8221; transform_rotate_tablet=&#8221;0deg|0deg|90deg&#8221; transform_rotate_phone=&#8221;&#8221; transform_rotate_last_edited=&#8221;on|tablet&#8221; transform_skew_tablet=&#8221;&#8221; transform_skew_phone=&#8221;&#8221; transform_skew_last_edited=&#8221;on|desktop&#8221; transform_origin_tablet=&#8221;&#8221; transform_origin_phone=&#8221;&#8221; transform_origin_last_edited=&#8221;on|desktop&#8221; transform_styles_last_edited=&#8221;on|tablet&#8221; width=&#8221;200px&#8221; module_alignment=&#8221;center&#8221; transform_styles_tablet=&#8221;&#8221; transform_styles_phone=&#8221;&#8221; global_colors_info=&#8221;{}&#8221;][\/et_pb_image][\/et_pb_column][et_pb_column type=&#8221;1_3&#8243; _builder_version=&#8221;4.16&#8243; _module_preset=&#8221;default&#8221; custom_css_main_element=&#8221;display: flex;||flex-direction: column;||justify-content: center;&#8221; global_colors_info=&#8221;{}&#8221;][et_pb_text _builder_version=&#8221;4.24.0&#8243; _module_preset=&#8221;default&#8221; header_font=&#8221;Coda Caption||||||||&#8221; header_text_color=&#8221;#000000&#8243; header_2_font=&#8221;Coda Caption||||||||&#8221; header_2_text_color=&#8221;#000000&#8243; header_2_font_size=&#8221;30px&#8221; custom_margin_tablet=&#8221;7vh||||false|false&#8221; custom_margin_phone=&#8221;&#8221; custom_margin_last_edited=&#8221;on|phone&#8221; header_2_font_size_tablet=&#8221;&#8221; header_2_font_size_phone=&#8221;25px&#8221; header_2_font_size_last_edited=&#8221;on|phone&#8221; global_colors_info=&#8221;{}&#8221;]<\/p>\n<h2>Sosyal Sponsorluk<\/h2>\n<p style=\"font-weight: 400;\">Sat\u0131lan her \u015fi\u015fe ile X-Kick, Common Goal gibi \u00e7e\u015fitli hay\u0131r kurumlar\u0131na ba\u011f\u0131\u015fta bulunmay\u0131 planl\u0131yor.<\/p>\n<p>[\/et_pb_text][et_pb_button button_url=&#8221;https:\/\/www.common-goal.org&#8221; url_new_window=&#8221;on&#8221; button_text=&#8221;Daha fazlas\u0131n\u0131 \u00f6\u011frenin&#8221; _builder_version=&#8221;4.24.0&#8243; _module_preset=&#8221;default&#8221; custom_button=&#8221;on&#8221; button_text_color=&#8221;#FFAA17&#8243; button_bg_color=&#8221;#000000&#8243; button_border_width=&#8221;0px&#8221; button_border_radius=&#8221;0px&#8221; hover_enabled=&#8221;0&#8243; global_colors_info=&#8221;{}&#8221; sticky_enabled=&#8221;0&#8243; button_font=&#8221;|800|||||||&#8221;][\/et_pb_button][\/et_pb_column][\/et_pb_row][\/et_pb_section]<\/p>\n","protected":false},"excerpt":{"rendered":"<p>Sosyal SponsorlukSosyal Sponsorluk Sat\u0131lan her \u015fi\u015fe ile X-Kick, Common Goal gibi \u00e7e\u015fitli hay\u0131r kurumlar\u0131na ba\u011f\u0131\u015fta bulunmay\u0131 planl\u0131yor.<\/p>\n","protected":false},"author":1,"featured_media":0,"parent":0,"menu_order":0,"comment_status":"closed","ping_status":"closed","template":"","meta":{"_et_pb_use_builder":"on","_et_pb_old_content":"","_et_gb_content_width":"","footnotes":""},"class_list":["post-5265","page","type-page","status-publish","hentry"],"yoast_head":"<!-- This site is optimized with the Yoast SEO plugin v23.9 - https:\/\/yoast.com\/wordpress\/plugins\/seo\/ -->\n<title>Social Sponsoring - X-Kick<\/title>\n<meta name=\"robots\" content=\"index, follow, max-snippet:-1, max-image-preview:large, max-video-preview:-1\" \/>\n<link rel=\"canonical\" href=\"https:\/\/x-kick.de\/tr\/social-sponsoring\/\" \/>\n<meta property=\"og:locale\" content=\"tr_TR\" \/>\n<meta property=\"og:type\" content=\"article\" \/>\n<meta property=\"og:title\" content=\"Social Sponsoring - X-Kick\" \/>\n<meta property=\"og:description\" content=\"Sosyal SponsorlukSosyal Sponsorluk Sat\u0131lan her \u015fi\u015fe ile X-Kick, Common Goal gibi \u00e7e\u015fitli hay\u0131r kurumlar\u0131na ba\u011f\u0131\u015fta bulunmay\u0131 planl\u0131yor.\" \/>\n<meta property=\"og:url\" content=\"https:\/\/x-kick.de\/tr\/social-sponsoring\/\" \/>\n<meta property=\"og:site_name\" content=\"X-Kick\" \/>\n<meta property=\"article:modified_time\" content=\"2024-02-06T11:46:35+00:00\" \/>\n<meta name=\"twitter:card\" content=\"summary_large_image\" \/>\n<meta name=\"twitter:label1\" content=\"Tahmini okuma s\u00fcresi\" \/>\n\t<meta name=\"twitter:data1\" content=\"1 dakika\" \/>\n<script type=\"application\/ld+json\" class=\"yoast-schema-graph\">{\"@context\":\"https:\/\/schema.org\",\"@graph\":[{\"@type\":\"WebPage\",\"@id\":\"https:\/\/x-kick.de\/tr\/social-sponsoring\/\",\"url\":\"https:\/\/x-kick.de\/tr\/social-sponsoring\/\",\"name\":\"Social Sponsoring - X-Kick\",\"isPartOf\":{\"@id\":\"https:\/\/x-kick.de\/tr\/#website\"},\"datePublished\":\"2021-10-27T12:54:29+00:00\",\"dateModified\":\"2024-02-06T11:46:35+00:00\",\"breadcrumb\":{\"@id\":\"https:\/\/x-kick.de\/tr\/social-sponsoring\/#breadcrumb\"},\"inLanguage\":\"tr\",\"potentialAction\":[{\"@type\":\"ReadAction\",\"target\":[\"https:\/\/x-kick.de\/tr\/social-sponsoring\/\"]}]},{\"@type\":\"BreadcrumbList\",\"@id\":\"https:\/\/x-kick.de\/tr\/social-sponsoring\/#breadcrumb\",\"itemListElement\":[{\"@type\":\"ListItem\",\"position\":1,\"name\":\"Startseite\",\"item\":\"https:\/\/x-kick.de\/tr\/\"},{\"@type\":\"ListItem\",\"position\":2,\"name\":\"Social Sponsoring\"}]},{\"@type\":\"WebSite\",\"@id\":\"https:\/\/x-kick.de\/tr\/#website\",\"url\":\"https:\/\/x-kick.de\/tr\/\",\"name\":\"X-Kick\",\"description\":\"Offizieller Onlineshop\",\"potentialAction\":[{\"@type\":\"SearchAction\",\"target\":{\"@type\":\"EntryPoint\",\"urlTemplate\":\"https:\/\/x-kick.de\/tr\/?s={search_term_string}\"},\"query-input\":{\"@type\":\"PropertyValueSpecification\",\"valueRequired\":true,\"valueName\":\"search_term_string\"}}],\"inLanguage\":\"tr\"}]}<\/script>\n<!-- \/ Yoast SEO plugin. -->","yoast_head_json":{"title":"Social Sponsoring - X-Kick","robots":{"index":"index","follow":"follow","max-snippet":"max-snippet:-1","max-image-preview":"max-image-preview:large","max-video-preview":"max-video-preview:-1"},"canonical":"https:\/\/x-kick.de\/tr\/social-sponsoring\/","og_locale":"tr_TR","og_type":"article","og_title":"Social Sponsoring - X-Kick","og_description":"Sosyal SponsorlukSosyal Sponsorluk Sat\u0131lan her \u015fi\u015fe ile X-Kick, Common Goal gibi \u00e7e\u015fitli hay\u0131r kurumlar\u0131na ba\u011f\u0131\u015fta bulunmay\u0131 planl\u0131yor.","og_url":"https:\/\/x-kick.de\/tr\/social-sponsoring\/","og_site_name":"X-Kick","article_modified_time":"2024-02-06T11:46:35+00:00","twitter_card":"summary_large_image","twitter_misc":{"Tahmini okuma s\u00fcresi":"1 dakika"},"schema":{"@context":"https:\/\/schema.org","@graph":[{"@type":"WebPage","@id":"https:\/\/x-kick.de\/tr\/social-sponsoring\/","url":"https:\/\/x-kick.de\/tr\/social-sponsoring\/","name":"Social Sponsoring - X-Kick","isPartOf":{"@id":"https:\/\/x-kick.de\/tr\/#website"},"datePublished":"2021-10-27T12:54:29+00:00","dateModified":"2024-02-06T11:46:35+00:00","breadcrumb":{"@id":"https:\/\/x-kick.de\/tr\/social-sponsoring\/#breadcrumb"},"inLanguage":"tr","potentialAction":[{"@type":"ReadAction","target":["https:\/\/x-kick.de\/tr\/social-sponsoring\/"]}]},{"@type":"BreadcrumbList","@id":"https:\/\/x-kick.de\/tr\/social-sponsoring\/#breadcrumb","itemListElement":[{"@type":"ListItem","position":1,"name":"Startseite","item":"https:\/\/x-kick.de\/tr\/"},{"@type":"ListItem","position":2,"name":"Social Sponsoring"}]},{"@type":"WebSite","@id":"https:\/\/x-kick.de\/tr\/#website","url":"https:\/\/x-kick.de\/tr\/","name":"X-Kick","description":"Offizieller Onlineshop","potentialAction":[{"@type":"SearchAction","target":{"@type":"EntryPoint","urlTemplate":"https:\/\/x-kick.de\/tr\/?s={search_term_string}"},"query-input":{"@type":"PropertyValueSpecification","valueRequired":true,"valueName":"search_term_string"}}],"inLanguage":"tr"}]}},"_links":{"self":[{"href":"https:\/\/x-kick.de\/tr\/wp-json\/wp\/v2\/pages\/5265","targetHints":{"allow":["GET"]}}],"collection":[{"href":"https:\/\/x-kick.de\/tr\/wp-json\/wp\/v2\/pages"}],"about":[{"href":"https:\/\/x-kick.de\/tr\/wp-json\/wp\/v2\/types\/page"}],"author":[{"embeddable":true,"href":"https:\/\/x-kick.de\/tr\/wp-json\/wp\/v2\/users\/1"}],"replies":[{"embeddable":true,"href":"https:\/\/x-kick.de\/tr\/wp-json\/wp\/v2\/comments?post=5265"}],"version-history":[{"count":0,"href":"https:\/\/x-kick.de\/tr\/wp-json\/wp\/v2\/pages\/5265\/revisions"}],"wp:attachment":[{"href":"https:\/\/x-kick.de\/tr\/wp-json\/wp\/v2\/media?parent=5265"}],"curies":[{"name":"wp","href":"https:\/\/api.w.org\/{rel}","templated":true}]}}