{"id":5173,"date":"2019-11-02T16:33:23","date_gmt":"2019-11-02T15:33:23","guid":{"rendered":"https:\/\/x-kick.de\/impressum\/"},"modified":"2024-12-01T13:22:44","modified_gmt":"2024-12-01T12:22:44","slug":"imprint","status":"publish","type":"page","link":"https:\/\/x-kick.de\/en\/imprint\/","title":{"rendered":"Imprint"},"content":{"rendered":"<p>[et_pb_section fb_built=&#8221;1&#8243; _builder_version=&#8221;4.16&#8243; background_color=&#8221;#FFAA17&#8243; da_disable_devices=&#8221;off|off|off&#8221; global_colors_info=&#8221;{}&#8221; da_is_popup=&#8221;off&#8221; da_exit_intent=&#8221;off&#8221; da_has_close=&#8221;on&#8221; da_alt_close=&#8221;off&#8221; da_dark_close=&#8221;off&#8221; da_not_modal=&#8221;on&#8221; da_is_singular=&#8221;off&#8221; da_with_loader=&#8221;off&#8221; da_has_shadow=&#8221;on&#8221;][et_pb_row _builder_version=&#8221;4.16&#8243; background_size=&#8221;initial&#8221; background_position=&#8221;top_left&#8221; background_repeat=&#8221;repeat&#8221; global_colors_info=&#8221;{}&#8221;][et_pb_column type=&#8221;4_4&#8243; _builder_version=&#8221;4.16&#8243; custom_padding=&#8221;|||&#8221; global_colors_info=&#8221;{}&#8221; custom_padding__hover=&#8221;|||&#8221;][et_pb_text _builder_version=&#8221;4.18.0&#8243; background_size=&#8221;initial&#8221; background_position=&#8221;top_left&#8221; background_repeat=&#8221;repeat&#8221; global_colors_info=&#8221;{}&#8221;]<\/p>\n<h1>Imprint<\/h1>\n<p>[\/et_pb_text][et_pb_text _builder_version=&#8221;4.27.4&#8243; link_text_color=&#8221;#EF426F&#8221; background_size=&#8221;initial&#8221; background_position=&#8221;top_left&#8221; background_repeat=&#8221;repeat&#8221; hover_enabled=&#8221;0&#8243; global_colors_info=&#8221;{}&#8221; sticky_enabled=&#8221;0&#8243;]<\/p>\n<h2>Information according to \u00a7 5 TMG:<\/h2>\n<p>OVIDOplus Healthfood GmbH<br \/>Am Knipprather Busch 11<br \/>40789 Monheim<\/p>\n<p><strong>Phone:<\/strong> 0211-36792056<br \/><strong>E-Mail:<\/strong> shop@x-kick.de<\/p>\n<p><strong>Register court:<\/strong> Local court Duesseldorf<br \/><strong>HRB No.<\/strong> 75280<br \/><strong>VAT ID No.:<\/strong> DE300811872<\/p>\n<p><strong>Managing director:<\/strong>\u00a0Markus Kurz<\/p>\n<p><strong>Packaging register number:<\/strong><br \/>DE5646077893353-V<\/p>\n<h2>EU Dispute Resolution<\/h2>\n<p>The European Commission provides a platform for out-of-court online dispute resolution (OS platform) for consumers. This can be accessed at the following link: <a href=\"https:\/\/ec.europa.eu\/consumers\/odr\">ec.europa.eu\/consumers\/odr<\/a><\/p>\n<h3>Consumer dispute resolution\/universal arbitration board<\/h3>\n<p>Notice according to \u00a7 36 VSBG: Ovidoplus Healthfood GmbH is neither legally obligated nor willing to participate in a dispute resolution procedure before a consumer dispute resolution body.<\/p>\n<h3>Disclaimer<\/h3>\n<p><strong>Liability for contents<\/strong><br \/>The contents of our pages were created with the utmost care. However, we cannot guarantee the accuracy, completeness and timeliness of the content.<br \/>As a service provider, we are responsible for our own content on these pages in accordance with \u00a7 7 paragraph 1 TMG under the general laws. According to \u00a7\u00a7 8 to 10 TMG, however, we are not obligated as a service provider to monitor transmitted or stored third-party information or to investigate circumstances that indicate illegal activity. Obligations to remove or block the use of information under the general laws remain unaffected. However, liability in this regard is only possible from the point in time at which a concrete infringement of the law becomes known. If we become aware of any such infringements, we will remove the relevant content immediately.<\/p>\n<p><strong>Liability for links<\/strong><br \/>Our offer contains links to external websites of third parties, on whose contents we have no influence. Therefore, we cannot assume any liability for these external contents. The respective provider or operator of the pages is always responsible for the content of the linked pages. The linked pages were checked for possible legal violations at the time of linking. Illegal contents were not recognizable at the time of linking. However, a permanent control of the contents of the linked pages is not reasonable without concrete evidence of a violation of the law. If we become aware of any infringements, we will remove such links immediately.<\/p>\n<p><strong>Copyright<\/strong><br \/>The content and works created by the site operators on these pages are subject to German copyright law. Duplication, processing, distribution, or any form of commercialization of such material beyond the scope of the copyright law shall require the prior written consent of its respective author or creator. Downloads and copies of this site are only permitted for private, non-commercial use. Insofar as the content on this site was not created by the operator, the copyrights of third parties are respected. In particular, third-party content is identified as such. Should you nevertheless become aware of a copyright infringement, please inform us accordingly. If we become aware of any infringements, we will remove such content immediately.<\/p>\n<p>[\/et_pb_text][\/et_pb_column][\/et_pb_row][\/et_pb_section]<\/p>\n","protected":false},"excerpt":{"rendered":"<p>ImprintInformation according to \u00a7 5 TMG: OVIDOplus Healthfood GmbHAm Knipprather Busch 1140789 Monheim Phone: 0211-36792056E-Mail: shop@x-kick.de Register court: Local court DuesseldorfHRB No. 75280VAT ID No.: DE300811872 Managing director:\u00a0Markus Kurz Packaging register number:DE5646077893353-V EU Dispute Resolution The European Commission provides a platform for out-of-court online dispute resolution (OS platform) for consumers. This can be accessed at [&hellip;]<\/p>\n","protected":false},"author":1,"featured_media":0,"parent":0,"menu_order":0,"comment_status":"closed","ping_status":"closed","template":"","meta":{"_et_pb_use_builder":"on","_et_pb_old_content":"<p><strong>Haftungshinweis: Das nachstehende Muster ist von einem Rechtsanwalt (<a href=\"https:\/\/drschwenke.de\" rel=\"nofollow\">https:\/\/drschwenke.de<\/a>) entsprechend den typischen Anforderungen eines Onlineshops erstellt worden.\u00a0Jedoch sollten Sie das Muster nur\u00a0nach sorgf\u00e4ltiger Pr\u00fcfung und Anpassung auf Ihr konkretes Gesch\u00e4ftsmodell verwenden. Das nachfolgende Muster enth\u00e4lt daher zus\u00e4tzliche Hinweise, die Sie beachten m\u00fcssen und rote Passagen, die Sie besonders pr\u00fcfen und ggf. anpassen m\u00fcssen. Bitte entfernen Sie die Hinweise nach der Bearbeitung. Lassen Sie sich im Zweifel rechtlich beraten. Urheberrecht: Sie d\u00fcrfen das Muster solange innerhalb der Domain\/Website nutzen, solange f\u00fcr diese auch Ihre Marketpress-Lizenz gilt. Weitergabe an Dritte, auch an Kunden (z.B. als Entwickler) ist nicht erlaubt.<\/strong><\/p><p>DemoShop e.K.,<br \/>Inhaber: Max Muster Demostra\u00dfe 1<br \/>12345 Demostadt<\/p><p>Gesch\u00e4ftsf\u00fchrung: Max Muster<br \/>[Einzelunternehmer d\u00fcrfen sich nur als Inhaber, nicht als Gesch\u00e4ftsf\u00fchrer bezeichnen. Bei Gesellschaften, z.B. GbR\/OHG\/UG\/GmbH m\u00fcssen die Gesch\u00e4ftsf\u00fchrer, bzw. gesch\u00e4ftsf\u00fchrenden Gesellschafter genannt werden, z.B. bei einer GmbH \"Gesch\u00e4ftsf\u00fchrer: Max Mustermann\" oder bei einer GbR \"Gesellschafter: Max Mustermann, Peter M\u00fcller\"]<\/p><p>Telefonnummer: 0123456789<br \/>Faxnummer:\u00a00123456789 [Hinweis: Die Faxnummer ist optional]<br \/>E-Mailadresse:\u00a0name @ marketpress.com<\/p><p>Registergericht & Registernummer: Amtsgericht Demostadt: HR 12345<br \/>[Diese Angabe ist notwendig, falls Sie im Handels\/Gesellschaftsregister o.\u00e4. registriert sind]<\/p><p>Umsatzsteuer-Identifikationsnummer: DE 189 278 309<br \/>[Diese Angabe ist notwendig, falls Ihnen eine UStId-Nr zugeteilt worden ist.]<\/p><p>Inhaltlich verantwortlich: Max Muster, Adresse wie oben.<br \/>[Diese Angabe ist notwendig, falls Sie einen Blog zum Shop f\u00fchren.]<\/p><p>Plattform der Europ\u00e4ischen Kommission zur Online-Streitbeilegung (OS) f\u00fcr Verbraucher: https:\/\/ec.europa.eu\/consumers\/odr\/. Wir sind nicht bereit und nicht verpflichtet an einem Streitbeilegungsverfahren vor einer Verbraucherschlichtungsstelle teilzunehmen.<\/p><p>[Hinweis: Angaben zum Haftungsausschluss, wie der Linkhaftung, sind nicht notwendig]<\/p>","_et_gb_content_width":"","footnotes":""},"class_list":["post-5173","page","type-page","status-publish","hentry"],"yoast_head":"<!-- This site is optimized with the Yoast SEO plugin v23.9 - https:\/\/yoast.com\/wordpress\/plugins\/seo\/ -->\n<title>Imprint - X-Kick<\/title>\n<meta name=\"robots\" content=\"index, follow, max-snippet:-1, max-image-preview:large, max-video-preview:-1\" \/>\n<link rel=\"canonical\" href=\"https:\/\/x-kick.de\/en\/imprint\/\" \/>\n<meta property=\"og:locale\" content=\"en_US\" \/>\n<meta property=\"og:type\" content=\"article\" \/>\n<meta property=\"og:title\" content=\"Imprint - X-Kick\" \/>\n<meta property=\"og:description\" content=\"ImprintInformation according to \u00a7 5 TMG: OVIDOplus Healthfood GmbHAm Knipprather Busch 1140789 Monheim Phone: 0211-36792056E-Mail: shop@x-kick.de Register court: Local court DuesseldorfHRB No. 75280VAT ID No.: DE300811872 Managing director:\u00a0Markus Kurz Packaging register number:DE5646077893353-V EU Dispute Resolution The European Commission provides a platform for out-of-court online dispute resolution (OS platform) for consumers. This can be accessed at [&hellip;]\" \/>\n<meta property=\"og:url\" content=\"https:\/\/x-kick.de\/en\/imprint\/\" \/>\n<meta property=\"og:site_name\" content=\"X-Kick\" \/>\n<meta property=\"article:modified_time\" content=\"2024-12-01T12:22:44+00:00\" \/>\n<meta name=\"twitter:card\" content=\"summary_large_image\" \/>\n<meta name=\"twitter:label1\" content=\"Gesch\u00e4tzte Lesezeit\" \/>\n\t<meta name=\"twitter:data1\" content=\"3\u00a0Minuten\" \/>\n<script type=\"application\/ld+json\" class=\"yoast-schema-graph\">{\"@context\":\"https:\/\/schema.org\",\"@graph\":[{\"@type\":\"WebPage\",\"@id\":\"https:\/\/x-kick.de\/en\/imprint\/\",\"url\":\"https:\/\/x-kick.de\/en\/imprint\/\",\"name\":\"Imprint - X-Kick\",\"isPartOf\":{\"@id\":\"https:\/\/x-kick.de\/en\/#website\"},\"datePublished\":\"2019-11-02T15:33:23+00:00\",\"dateModified\":\"2024-12-01T12:22:44+00:00\",\"breadcrumb\":{\"@id\":\"https:\/\/x-kick.de\/en\/imprint\/#breadcrumb\"},\"inLanguage\":\"de\",\"potentialAction\":[{\"@type\":\"ReadAction\",\"target\":[\"https:\/\/x-kick.de\/en\/imprint\/\"]}]},{\"@type\":\"BreadcrumbList\",\"@id\":\"https:\/\/x-kick.de\/en\/imprint\/#breadcrumb\",\"itemListElement\":[{\"@type\":\"ListItem\",\"position\":1,\"name\":\"Startseite\",\"item\":\"https:\/\/x-kick.de\/en\/\"},{\"@type\":\"ListItem\",\"position\":2,\"name\":\"Imprint\"}]},{\"@type\":\"WebSite\",\"@id\":\"https:\/\/x-kick.de\/en\/#website\",\"url\":\"https:\/\/x-kick.de\/en\/\",\"name\":\"X-Kick\",\"description\":\"Offizieller Onlineshop\",\"potentialAction\":[{\"@type\":\"SearchAction\",\"target\":{\"@type\":\"EntryPoint\",\"urlTemplate\":\"https:\/\/x-kick.de\/en\/?s={search_term_string}\"},\"query-input\":{\"@type\":\"PropertyValueSpecification\",\"valueRequired\":true,\"valueName\":\"search_term_string\"}}],\"inLanguage\":\"de\"}]}<\/script>\n<!-- \/ Yoast SEO plugin. -->","yoast_head_json":{"title":"Imprint - X-Kick","robots":{"index":"index","follow":"follow","max-snippet":"max-snippet:-1","max-image-preview":"max-image-preview:large","max-video-preview":"max-video-preview:-1"},"canonical":"https:\/\/x-kick.de\/en\/imprint\/","og_locale":"en_US","og_type":"article","og_title":"Imprint - X-Kick","og_description":"ImprintInformation according to \u00a7 5 TMG: OVIDOplus Healthfood GmbHAm Knipprather Busch 1140789 Monheim Phone: 0211-36792056E-Mail: shop@x-kick.de Register court: Local court DuesseldorfHRB No. 75280VAT ID No.: DE300811872 Managing director:\u00a0Markus Kurz Packaging register number:DE5646077893353-V EU Dispute Resolution The European Commission provides a platform for out-of-court online dispute resolution (OS platform) for consumers. This can be accessed at [&hellip;]","og_url":"https:\/\/x-kick.de\/en\/imprint\/","og_site_name":"X-Kick","article_modified_time":"2024-12-01T12:22:44+00:00","twitter_card":"summary_large_image","twitter_misc":{"Gesch\u00e4tzte Lesezeit":"3\u00a0Minuten"},"schema":{"@context":"https:\/\/schema.org","@graph":[{"@type":"WebPage","@id":"https:\/\/x-kick.de\/en\/imprint\/","url":"https:\/\/x-kick.de\/en\/imprint\/","name":"Imprint - X-Kick","isPartOf":{"@id":"https:\/\/x-kick.de\/en\/#website"},"datePublished":"2019-11-02T15:33:23+00:00","dateModified":"2024-12-01T12:22:44+00:00","breadcrumb":{"@id":"https:\/\/x-kick.de\/en\/imprint\/#breadcrumb"},"inLanguage":"de","potentialAction":[{"@type":"ReadAction","target":["https:\/\/x-kick.de\/en\/imprint\/"]}]},{"@type":"BreadcrumbList","@id":"https:\/\/x-kick.de\/en\/imprint\/#breadcrumb","itemListElement":[{"@type":"ListItem","position":1,"name":"Startseite","item":"https:\/\/x-kick.de\/en\/"},{"@type":"ListItem","position":2,"name":"Imprint"}]},{"@type":"WebSite","@id":"https:\/\/x-kick.de\/en\/#website","url":"https:\/\/x-kick.de\/en\/","name":"X-Kick","description":"Offizieller Onlineshop","potentialAction":[{"@type":"SearchAction","target":{"@type":"EntryPoint","urlTemplate":"https:\/\/x-kick.de\/en\/?s={search_term_string}"},"query-input":{"@type":"PropertyValueSpecification","valueRequired":true,"valueName":"search_term_string"}}],"inLanguage":"de"}]}},"_links":{"self":[{"href":"https:\/\/x-kick.de\/en\/wp-json\/wp\/v2\/pages\/5173","targetHints":{"allow":["GET"]}}],"collection":[{"href":"https:\/\/x-kick.de\/en\/wp-json\/wp\/v2\/pages"}],"about":[{"href":"https:\/\/x-kick.de\/en\/wp-json\/wp\/v2\/types\/page"}],"author":[{"embeddable":true,"href":"https:\/\/x-kick.de\/en\/wp-json\/wp\/v2\/users\/1"}],"replies":[{"embeddable":true,"href":"https:\/\/x-kick.de\/en\/wp-json\/wp\/v2\/comments?post=5173"}],"version-history":[{"count":0,"href":"https:\/\/x-kick.de\/en\/wp-json\/wp\/v2\/pages\/5173\/revisions"}],"wp:attachment":[{"href":"https:\/\/x-kick.de\/en\/wp-json\/wp\/v2\/media?parent=5173"}],"curies":[{"name":"wp","href":"https:\/\/api.w.org\/{rel}","templated":true}]}}